{"id":4724,"date":"2023-04-18T14:06:42","date_gmt":"2023-04-18T12:06:42","guid":{"rendered":"https:\/\/krakow.thaimai.pl\/?page_id=4724"},"modified":"2025-08-18T15:38:06","modified_gmt":"2025-08-18T13:38:06","slug":"preisliste","status":"publish","type":"page","link":"https:\/\/krakow.thaimai.pl\/de\/preisliste\/","title":{"rendered":"Preisliste"},"content":{"rendered":"<div class=\"fusion-fullwidth fullwidth-box fusion-builder-row-1 fusion-flex-container has-pattern-background has-mask-background nonhundred-percent-fullwidth non-hundred-percent-height-scrolling\" style=\"--awb-background-position:left top;--awb-background-repeat:repeat-x;--awb-border-radius-top-left:15px;--awb-border-radius-top-right:15px;--awb-border-radius-bottom-right:15px;--awb-border-radius-bottom-left:15px;--awb-overflow:hidden;--awb-padding-bottom:40px;--awb-padding-right-small:10px;--awb-padding-left-small:10px;--awb-margin-top:60px;--awb-margin-top-small:100px;--awb-background-size:cover;--awb-flex-wrap:wrap;\" id=\"cennik\" ><div class=\"fusion-builder-row fusion-row fusion-flex-align-items-flex-start fusion-flex-content-wrap\" style=\"max-width:1216.8px;margin-left: calc(-4% \/ 2 );margin-right: calc(-4% \/ 2 );\"><div class=\"fusion-layout-column fusion_builder_column fusion-builder-column-0 fusion_builder_column_1_1 1_1 fusion-flex-column\" style=\"--awb-padding-top:40px;--awb-padding-right:20px;--awb-padding-bottom:40px;--awb-padding-left:20px;--awb-padding-right-small:10px;--awb-padding-left-small:10px;--awb-overflow:hidden;--awb-bg-color:rgba(246,226,174,0.85);--awb-bg-color-hover:rgba(246,226,174,0.85);--awb-bg-size:cover;--awb-border-radius:15px 15px 15px 15px;--awb-width-large:100%;--awb-margin-top-large:40px;--awb-spacing-right-large:1.92%;--awb-margin-bottom-large:20px;--awb-spacing-left-large:1.92%;--awb-width-medium:100%;--awb-order-medium:0;--awb-spacing-right-medium:1.92%;--awb-spacing-left-medium:1.92%;--awb-width-small:100%;--awb-order-small:0;--awb-spacing-right-small:1.92%;--awb-spacing-left-small:1.92%;\" data-motion-effects=\"[{&quot;type&quot;:&quot;&quot;,&quot;scroll_type&quot;:&quot;transition&quot;,&quot;scroll_direction&quot;:&quot;up&quot;,&quot;transition_speed&quot;:&quot;1&quot;,&quot;fade_type&quot;:&quot;in&quot;,&quot;scale_type&quot;:&quot;up&quot;,&quot;initial_scale&quot;:&quot;1&quot;,&quot;max_scale&quot;:&quot;1.5&quot;,&quot;min_scale&quot;:&quot;0.5&quot;,&quot;initial_rotate&quot;:&quot;0&quot;,&quot;end_rotate&quot;:&quot;30&quot;,&quot;initial_blur&quot;:&quot;0&quot;,&quot;end_blur&quot;:&quot;3&quot;,&quot;start_element&quot;:&quot;top&quot;,&quot;start_viewport&quot;:&quot;bottom&quot;,&quot;end_element&quot;:&quot;bottom&quot;,&quot;end_viewport&quot;:&quot;top&quot;,&quot;mouse_effect&quot;:&quot;track&quot;,&quot;mouse_effect_direction&quot;:&quot;opposite&quot;,&quot;mouse_effect_speed&quot;:&quot;2&quot;,&quot;infinite_animation&quot;:&quot;float&quot;,&quot;infinite_animation_speed&quot;:&quot;2&quot;}]\" data-scroll-devices=\"small-visibility,medium-visibility,large-visibility\"><div class=\"fusion-column-wrapper fusion-column-has-shadow fusion-flex-justify-content-flex-start fusion-content-layout-column\"><div class=\"fusion-image-element fusion-no-small-visibility fusion-no-medium-visibility\" style=\"text-align:center;--awb-max-width:100px;--awb-caption-title-font-family:var(--h2_typography-font-family);--awb-caption-title-font-weight:var(--h2_typography-font-weight);--awb-caption-title-font-style:var(--h2_typography-font-style);--awb-caption-title-size:var(--h2_typography-font-size);--awb-caption-title-transform:var(--h2_typography-text-transform);--awb-caption-title-line-height:var(--h2_typography-line-height);--awb-caption-title-letter-spacing:var(--h2_typography-letter-spacing);\"><span class=\" fusion-imageframe imageframe-none imageframe-1 hover-type-none\"><img decoding=\"async\" width=\"200\" height=\"168\" title=\"Thai_Mai_logo_ciemne_drzewo\" src=\"https:\/\/krakow.thaimai.pl\/wp-content\/uploads\/2023\/06\/Thai_Mai_logo_ciemne_drzewo.png\" data-orig-src=\"https:\/\/krakow.thaimai.pl\/wp-content\/uploads\/2023\/06\/Thai_Mai_logo_ciemne_drzewo-200x168.png\" alt class=\"lazyload img-responsive wp-image-4170\" srcset=\"data:image\/svg+xml,%3Csvg%20xmlns%3D%27http%3A%2F%2Fwww.w3.org%2F2000%2Fsvg%27%20width%3D%27678%27%20height%3D%27569%27%20viewBox%3D%270%200%20678%20569%27%3E%3Crect%20width%3D%27678%27%20height%3D%27569%27%20fill-opacity%3D%220%22%2F%3E%3C%2Fsvg%3E\" data-srcset=\"https:\/\/krakow.thaimai.pl\/wp-content\/uploads\/2023\/06\/Thai_Mai_logo_ciemne_drzewo-200x168.png 200w, https:\/\/krakow.thaimai.pl\/wp-content\/uploads\/2023\/06\/Thai_Mai_logo_ciemne_drzewo-400x336.png 400w, https:\/\/krakow.thaimai.pl\/wp-content\/uploads\/2023\/06\/Thai_Mai_logo_ciemne_drzewo-600x504.png 600w, https:\/\/krakow.thaimai.pl\/wp-content\/uploads\/2023\/06\/Thai_Mai_logo_ciemne_drzewo.png 678w\" data-sizes=\"auto\" data-orig-sizes=\"(max-width: 1220px) 100vw, (max-width: 640px) 100vw, 200px\" \/><\/span><\/div><div class=\"fusion-title title fusion-title-1 fusion-title-center fusion-title-text fusion-title-size-one\" style=\"--awb-text-color:var(--awb-color5);--awb-margin-top:20px;--awb-margin-bottom:20px;--awb-font-size:32px;\"><div class=\"title-sep-container title-sep-container-left\"><div class=\"title-sep sep- sep-solid\" style=\"border-color:hsla(var(--awb-color1-h),var(--awb-color1-s),var(--awb-color1-l),calc( var(--awb-color1-a) - 80% ));\"><\/div><\/div><span class=\"awb-title-spacer\"><\/span><h1 class=\"fusion-title-heading title-heading-center fusion-responsive-typography-calculated\" style=\"font-family:&quot;Cinzel&quot;;font-style:normal;font-weight:400;margin:0;font-size:1em;--fontSize:32;line-height:var(--awb-typography1-line-height);\">Preisliste<\/h1><span class=\"awb-title-spacer\"><\/span><div class=\"title-sep-container title-sep-container-right\"><div class=\"title-sep sep- sep-solid\" style=\"border-color:hsla(var(--awb-color1-h),var(--awb-color1-s),var(--awb-color1-l),calc( var(--awb-color1-a) - 80% ));\"><\/div><\/div><\/div><div class=\"fusion-title title fusion-title-2 fusion-title-center fusion-title-text fusion-title-size-two\" style=\"--awb-text-color:var(--awb-color5);--awb-font-size:21px;\"><div class=\"title-sep-container title-sep-container-left\"><div class=\"title-sep sep- sep-solid\" style=\"border-color:hsla(var(--awb-color1-h),var(--awb-color1-s),var(--awb-color1-l),calc( var(--awb-color1-a) - 80% ));\"><\/div><\/div><span class=\"awb-title-spacer\"><\/span><h2 class=\"fusion-title-heading title-heading-center fusion-responsive-typography-calculated\" style=\"font-family:&quot;Mukta&quot;;font-style:normal;font-weight:700;margin:0;font-size:1em;text-transform:uppercase;--fontSize:21;--minFontSize:21;line-height:1.1;\"><strong>Massagen<\/strong><\/h2><span class=\"awb-title-spacer\"><\/span><div class=\"title-sep-container title-sep-container-right\"><div class=\"title-sep sep- sep-solid\" style=\"border-color:hsla(var(--awb-color1-h),var(--awb-color1-s),var(--awb-color1-l),calc( var(--awb-color1-a) - 80% ));\"><\/div><\/div><\/div>\n<div>\n<table class=\"table-\" style=\"width: 100%; height: 408px;\" width=\"100%\">\n<tbody>\n<tr style=\"height: 24px;\">\n<td style=\"height: 24px;\" align=\"left\"><a href=\"https:\/\/krakow.thaimai.pl\/produkt\/tajski-masaz-stop-i-nog\/\"><a href=\"https:\/\/krakow.thaimai.pl\/de\/produkt\/thailaendische-rueckenmassage\/\">Thail\u00e4ndische R\u00fcckenmassage<\/a>\u00a0 (1h)<\/a><\/td>\n<td style=\"height: 24px;\" align=\"left\"><span class=\"woocommerce-Price-amount amount\"><bdi>199&nbsp;<span class=\"woocommerce-Price-currencySymbol\">&#122;&#322;<\/span><\/bdi><\/span><\/td>\n<\/tr>\n<tr style=\"height: 24px;\">\n<td style=\"height: 24px;\"><a href=\"https:\/\/krakow.thaimai.pl\/de\/produkt\/thailaendische-fuss-und-beinmassage\/\">Thail\u00e4ndische Fu\u00df und Beinmassage<\/a> (1h)<\/td>\n<td style=\"height: 24px;\"><span class=\"woocommerce-Price-amount amount\"><bdi>199&nbsp;<span class=\"woocommerce-Price-currencySymbol\">&#122;&#322;<\/span><\/bdi><\/span><\/td>\n<\/tr>\n<tr style=\"height: 24px;\">\n<td style=\"height: 24px;\"><a href=\"https:\/\/krakow.thaimai.pl\/de\/produkt\/klassische-thai-massage\/\">Klassische Thai-Massage<\/a> (1h)<\/td>\n<td style=\"height: 24px;\"><span class=\"woocommerce-Price-amount amount\"><bdi>199&nbsp;<span class=\"woocommerce-Price-currencySymbol\">&#122;&#322;<\/span><\/bdi><\/span><\/td>\n<\/tr>\n<tr style=\"height: 24px;\">\n<td style=\"height: 24px;\"><a href=\"https:\/\/krakow.thaimai.pl\/de\/produkt\/aromatische-thai-oel-massage\/\">Aromatische Thai-\u00d6l-Massage<\/a> (1h)<\/td>\n<td style=\"height: 24px;\"><span class=\"woocommerce-Price-amount amount\"><bdi>249&nbsp;<span class=\"woocommerce-Price-currencySymbol\">&#122;&#322;<\/span><\/bdi><\/span><\/td>\n<\/tr>\n<tr style=\"height: 24px;\">\n<td style=\"height: 24px;\"><a href=\"https:\/\/krakow.thaimai.pl\/de\/produkt\/balinesische-massage\/\">Balinesische Massage<\/a> (1h)<\/td>\n<td style=\"height: 24px;\"><span class=\"woocommerce-Price-amount amount\"><bdi>259&nbsp;<span class=\"woocommerce-Price-currencySymbol\">&#122;&#322;<\/span><\/bdi><\/span><\/td>\n<\/tr>\n<tr style=\"height: 24px;\">\n<td style=\"height: 24px;\"><a href=\"https:\/\/krakow.thaimai.pl\/de\/produkt\/lomi-lomi-massage\/\">Lomi Lomi Massage<\/a> (1h)<\/td>\n<td style=\"height: 24px;\"><span class=\"woocommerce-Price-amount amount\"><bdi>259&nbsp;<span class=\"woocommerce-Price-currencySymbol\">&#122;&#322;<\/span><\/bdi><\/span><\/td>\n<\/tr>\n<tr style=\"height: 24px;\">\n<td style=\"height: 24px;\"><a href=\"https:\/\/krakow.thaimai.pl\/de\/produkt\/shiatsu-massage\/\">Shiatsu Massage<\/a> (1h)<\/td>\n<td style=\"height: 24px;\"><span class=\"woocommerce-Price-amount amount\"><bdi>259&nbsp;<span class=\"woocommerce-Price-currencySymbol\">&#122;&#322;<\/span><\/bdi><\/span><\/td>\n<\/tr>\n<tr style=\"height: 24px;\">\n<td style=\"height: 24px;\"><a href=\"https:\/\/krakow.thaimai.pl\/de\/produkt\/thailaendische-massage-mit-heissem-kokosnussoel\/\">Thail\u00e4ndische Massage mit hei\u00dfem Kokosnuss\u00f6l<\/a> (1h)<\/td>\n<td style=\"height: 24px;\"><span class=\"woocommerce-Price-amount amount\"><bdi>279&nbsp;<span class=\"woocommerce-Price-currencySymbol\">&#122;&#322;<\/span><\/bdi><\/span><\/td>\n<\/tr>\n<tr style=\"height: 24px;\">\n<td style=\"height: 24px;\"><a href=\"https:\/\/krakow.thaimai.pl\/de\/produkt\/thailaendische-anti-cellulite-massage\/\">Thail\u00e4ndische Anti-Cellulite-Massage<\/a> (1h)<\/td>\n<td style=\"height: 24px;\"><span class=\"woocommerce-Price-amount amount\"><bdi>279&nbsp;<span class=\"woocommerce-Price-currencySymbol\">&#122;&#322;<\/span><\/bdi><\/span><\/td>\n<\/tr>\n<tr style=\"height: 24px;\">\n<td style=\"height: 24px;\"><a href=\"https:\/\/krakow.thaimai.pl\/de\/produkt\/thailaendische-sportmassage\/\">Thail\u00e4ndische Sportmassage<\/a> (1h)<\/td>\n<td style=\"height: 24px;\"><span class=\"woocommerce-Price-amount amount\"><bdi>279&nbsp;<span class=\"woocommerce-Price-currencySymbol\">&#122;&#322;<\/span><\/bdi><\/span><\/td>\n<\/tr>\n<tr style=\"height: 24px;\">\n<td style=\"height: 24px;\"><a href=\"https:\/\/krakow.thaimai.pl\/de\/produkt\/thailaendische-aloe-vera-massage\/\">Thail\u00e4ndische Aloe Vera Massage<\/a> (1h)<\/td>\n<td style=\"height: 24px;\"><span class=\"woocommerce-Price-amount amount\"><bdi>289&nbsp;<span class=\"woocommerce-Price-currencySymbol\">&#122;&#322;<\/span><\/bdi><\/span><\/td>\n<\/tr>\n<tr style=\"height: 24px;\">\n<td style=\"height: 24px;\"><a href=\"https:\/\/krakow.thaimai.pl\/de\/produkt\/thai-kerzen-massage\/\">Thai-Kerzen-Massage<\/a> (1h)<\/td>\n<td style=\"height: 24px;\"><span class=\"woocommerce-Price-amount amount\"><bdi>299&nbsp;<span class=\"woocommerce-Price-currencySymbol\">&#122;&#322;<\/span><\/bdi><\/span><\/td>\n<\/tr>\n<tr style=\"height: 24px;\">\n<td style=\"height: 24px;\"><a href=\"https:\/\/krakow.thaimai.pl\/de\/produkt\/thai-gold-massage-24-kfz\/\">Thai Gold Massage (24 Kfz.)<\/a> (1h)<\/td>\n<td style=\"height: 24px;\"><span class=\"woocommerce-Price-amount amount\"><bdi>319&nbsp;<span class=\"woocommerce-Price-currencySymbol\">&#122;&#322;<\/span><\/bdi><\/span><\/td>\n<\/tr>\n<tr style=\"height: 24px;\">\n<td style=\"height: 24px;\"><a href=\"https:\/\/krakow.thaimai.pl\/de\/produkt\/thailaendische-arganoel-massage\/\">Thail\u00e4ndische Argan\u00f6l-Massage<\/a> (1h)<\/td>\n<td style=\"height: 24px;\"><span class=\"woocommerce-Price-amount amount\"><bdi>329&nbsp;<span class=\"woocommerce-Price-currencySymbol\">&#122;&#322;<\/span><\/bdi><\/span><\/td>\n<\/tr>\n<tr style=\"height: 24px;\">\n<td style=\"height: 24px;\"><a href=\"https:\/\/krakow.thaimai.pl\/de\/produkt\/thailaendische-sesamoel-massage\/\">Thail\u00e4ndische Sesam\u00f6l-Massage<\/a> (1h)<\/td>\n<td style=\"height: 24px;\"><span class=\"woocommerce-Price-amount amount\"><bdi>329&nbsp;<span class=\"woocommerce-Price-currencySymbol\">&#122;&#322;<\/span><\/bdi><\/span><\/td>\n<\/tr>\n<tr style=\"height: 24px;\">\n<td style=\"height: 24px;\"><a href=\"https:\/\/krakow.thaimai.pl\/de\/produkt\/tajski-masaz-plecow-szyi-i-barkow-30-minutowy\/\">Thail\u00e4ndische R\u00fcckenmassage \u2013 30 minuten<\/a> (30min)<\/td>\n<td style=\"height: 24px;\"><span class=\"woocommerce-Price-amount amount\"><bdi>99&nbsp;<span class=\"woocommerce-Price-currencySymbol\">&#122;&#322;<\/span><\/bdi><\/span><\/td>\n<\/tr>\n<tr style=\"height: 24px;\">\n<td style=\"height: 24px;\"><a href=\"https:\/\/krakow.thaimai.pl\/de\/produkt\/tajski-masaz-stop-i-nog-30-minutowy\/\">Thail\u00e4ndische Fu\u00df und Beinmassage \u2013 30 minuten<\/a> (30min)<\/td>\n<td style=\"height: 24px;\"><span class=\"woocommerce-Price-amount amount\"><bdi>99&nbsp;<span class=\"woocommerce-Price-currencySymbol\">&#122;&#322;<\/span><\/bdi><\/span><\/td>\n<\/tr>\n<\/tbody>\n<\/table>\n<\/div>\n<div class=\"fusion-title title fusion-title-3 fusion-title-center fusion-title-text fusion-title-size-two\" style=\"--awb-text-color:var(--awb-color5);--awb-margin-top:40px;--awb-margin-top-small:40px;--awb-font-size:21px;\"><div class=\"title-sep-container title-sep-container-left\"><div class=\"title-sep sep- sep-solid\" style=\"border-color:hsla(var(--awb-color1-h),var(--awb-color1-s),var(--awb-color1-l),calc( var(--awb-color1-a) - 80% ));\"><\/div><\/div><span class=\"awb-title-spacer\"><\/span><h2 class=\"fusion-title-heading title-heading-center fusion-responsive-typography-calculated\" style=\"font-family:&quot;Mukta&quot;;font-style:normal;font-weight:700;margin:0;font-size:1em;text-transform:uppercase;--fontSize:21;--minFontSize:21;line-height:1.1;\"><strong>Pakete<\/strong><\/h2><span class=\"awb-title-spacer\"><\/span><div class=\"title-sep-container title-sep-container-right\"><div class=\"title-sep sep- sep-solid\" style=\"border-color:hsla(var(--awb-color1-h),var(--awb-color1-s),var(--awb-color1-l),calc( var(--awb-color1-a) - 80% ));\"><\/div><\/div><\/div>\n<div>\n<table width=\"100%\">\n<tbody>\n<tr style=\"height: 23px;\">\n<td style=\"height: 23px; width: 64.8772%;\" align=\"left\"><a href=\"https:\/\/krakow.thaimai.pl\/de\/produkt\/klassische-thai-massage-fuesse-oder-ruecken\/\">Klassische Thai-Massage + F\u00fc\u00dfe oder R\u00fccken<\/a> (2h)<\/td>\n<td style=\"height: 23px; width: 34.3949%; text-align: right;\" align=\"left\"><span class=\"woocommerce-Price-amount amount\"><bdi>319&nbsp;<span class=\"woocommerce-Price-currencySymbol\">&#122;&#322;<\/span><\/bdi><\/span><\/td>\n<\/tr>\n<tr style=\"height: 24px;\">\n<td style=\"height: 23px; width: 64.8772%;\"><a href=\"https:\/\/krakow.thaimai.pl\/de\/produkt\/thai-aromaoel-fuss-oder-rueckenmassage\/\">Thai-Aroma\u00f6l + Fu\u00df- oder R\u00fcckenmassage<\/a> (2h)<\/td>\n<td style=\"height: 23px; width: 34.3949%; text-align: right;\"><span class=\"woocommerce-Price-amount amount\"><bdi>359&nbsp;<span class=\"woocommerce-Price-currencySymbol\">&#122;&#322;<\/span><\/bdi><\/span><\/td>\n<\/tr>\n<tr style=\"height: 24px;\">\n<td style=\"height: 24px; width: 64.8772%;\"><a href=\"https:\/\/krakow.thaimai.pl\/de\/produkt\/klassische-thai-massage-aromaoel\/\">Klassische Thai-Massage + Aroma\u00f6l<\/a> (2h)<\/td>\n<td style=\"height: 24px; width: 34.3949%; text-align: right;\"><span class=\"woocommerce-Price-amount amount\"><bdi>359&nbsp;<span class=\"woocommerce-Price-currencySymbol\">&#122;&#322;<\/span><\/bdi><\/span><\/td>\n<\/tr>\n<tr style=\"height: 24px;\">\n<td style=\"height: 24px; width: 64.8772%;\"><a href=\"https:\/\/krakow.thaimai.pl\/de\/produkt\/thai-hot-coconut-oil-fuss-oder-rueckenmassage\/\">Thai Hot Coconut Oil + Fu\u00df- oder R\u00fcckenmassage<\/a> (2h)<\/td>\n<td style=\"height: 24px; width: 34.3949%; text-align: right;\"><span class=\"woocommerce-Price-amount amount\"><bdi>379&nbsp;<span class=\"woocommerce-Price-currencySymbol\">&#122;&#322;<\/span><\/bdi><\/span><\/td>\n<\/tr>\n<tr style=\"height: 24px;\">\n<td style=\"height: 24px; width: 64.8772%;\"><a href=\"https:\/\/krakow.thaimai.pl\/de\/produkt\/klassische-thai-massage-kokosnussoel\/\">Klassische Thai-Massage + Kokosnuss\u00f6l<\/a> (2h)<\/td>\n<td style=\"height: 24px; width: 34.3949%; text-align: right;\"><span class=\"woocommerce-Price-amount amount\"><bdi>379&nbsp;<span class=\"woocommerce-Price-currencySymbol\">&#122;&#322;<\/span><\/bdi><\/span><\/td>\n<\/tr>\n<tr style=\"height: 24px;\">\n<td style=\"height: 24px; width: 64.8772%;\"><a href=\"https:\/\/krakow.thaimai.pl\/de\/produkt\/thai-kraeuterstempel-massage\/\">Thai Kr\u00e4uterstempel Massage<\/a> (2h)<\/td>\n<td style=\"height: 24px; width: 34.3949%; text-align: right;\"><span class=\"woocommerce-Price-amount amount\"><bdi>439&nbsp;<span class=\"woocommerce-Price-currencySymbol\">&#122;&#322;<\/span><\/bdi><\/span><\/td>\n<\/tr>\n<tr style=\"height: 24px;\">\n<td style=\"height: 24px; width: 64.8772%;\"><a href=\"https:\/\/krakow.thaimai.pl\/de\/produkt\/klassische-thai-massage-arganoel\/\">Klassische Thai-Massage + Argan\u00f6l<\/a> (2h)<\/td>\n<td style=\"height: 24px; width: 34.3949%; text-align: right;\"><span class=\"woocommerce-Price-amount amount\"><bdi>419&nbsp;<span class=\"woocommerce-Price-currencySymbol\">&#122;&#322;<\/span><\/bdi><\/span><\/td>\n<\/tr>\n<\/tbody>\n<\/table>\n<\/div>\n<div class=\"fusion-text fusion-text-1\" style=\"--awb-margin-top:60px;\"><p>*Alle angegebenen Preise sind Bruttopreise und gelten f\u00fcr die Massage einer Person.*Alle angegebenen Preise sind Bruttopreise und beziehen sich auf die Massage einer Person<\/p>\n<p><strong>ZAHLUNGSARTEN<\/strong><br \/>\nSie k\u00f6nnen vor Ort bezahlen:<\/p>\n<ul>\n<li>Kasse<\/li>\n<li>Kreditkarte<\/li>\n<li>wertvoller Gutschein<\/li>\n<\/ul>\n<\/div><div style=\"text-align:center;\"><a class=\"fusion-button button-flat button-xlarge button-default fusion-button-default button-1 fusion-button-span-no fusion-button-default-type\" style=\"--button-border-radius-top-left:10px;--button-border-radius-top-right:10px;--button-border-radius-bottom-right:10px;--button-border-radius-bottom-left:10px;--button_margin-top:40px;--button_margin-bottom:40px;\" target=\"_self\" href=\"tel: +48 500 800 760\"><i class=\"fa-phone-alt fas button-icon-left\" aria-hidden=\"true\"><\/i><span class=\"fusion-button-text\">Buchen Sie einen Termin<\/span><\/a><\/div>\n<\/div><\/div><\/div><\/div>\n","protected":false},"excerpt":{"rendered":"","protected":false},"author":1,"featured_media":0,"parent":0,"menu_order":0,"comment_status":"closed","ping_status":"closed","template":"100-width.php","meta":{"footnotes":""},"class_list":["post-4724","page","type-page","status-publish","hentry"],"_links":{"self":[{"href":"https:\/\/krakow.thaimai.pl\/de\/wp-json\/wp\/v2\/pages\/4724","targetHints":{"allow":["GET"]}}],"collection":[{"href":"https:\/\/krakow.thaimai.pl\/de\/wp-json\/wp\/v2\/pages"}],"about":[{"href":"https:\/\/krakow.thaimai.pl\/de\/wp-json\/wp\/v2\/types\/page"}],"author":[{"embeddable":true,"href":"https:\/\/krakow.thaimai.pl\/de\/wp-json\/wp\/v2\/users\/1"}],"replies":[{"embeddable":true,"href":"https:\/\/krakow.thaimai.pl\/de\/wp-json\/wp\/v2\/comments?post=4724"}],"version-history":[{"count":26,"href":"https:\/\/krakow.thaimai.pl\/de\/wp-json\/wp\/v2\/pages\/4724\/revisions"}],"predecessor-version":[{"id":5407,"href":"https:\/\/krakow.thaimai.pl\/de\/wp-json\/wp\/v2\/pages\/4724\/revisions\/5407"}],"wp:attachment":[{"href":"https:\/\/krakow.thaimai.pl\/de\/wp-json\/wp\/v2\/media?parent=4724"}],"curies":[{"name":"wp","href":"https:\/\/api.w.org\/{rel}","templated":true}]}}