{"id":4552,"date":"2023-04-21T11:02:44","date_gmt":"2023-04-21T09:02:44","guid":{"rendered":"https:\/\/krakow.thaimai.pl\/produkt\/masaz-shiatsu\/"},"modified":"2024-05-25T15:43:55","modified_gmt":"2024-05-25T13:43:55","slug":"shiatsu-massage","status":"publish","type":"product","link":"https:\/\/krakow.thaimai.pl\/de\/produkt\/shiatsu-massage\/","title":{"rendered":"Shiatsu Massage"},"content":{"rendered":"<p>Im Shiatsu werden verschiedene Techniken angewandt, die f\u00fcr den fl\u00fcchtigen Betrachter den Eindruck erwecken k\u00f6nnen, dass nichts passiert. Nur ruhiger, sanfter Druck mit den Daumen und Handfl\u00e4chen auf die verschiedenen Punkte des K\u00f6rpers. Es ist tats\u00e4chlich faul, bestimmte Dinge in Bezug auf Energie zu tun. Das Wesentliche ist jedoch, dass unter diesen unkomplizierten Aktivit\u00e4ten im K\u00f6rper eine Menge im subtilen Bereich der Lebensenergie vor sich geht.<\/p>\n<p>Diese Massage bringt den K\u00f6rper wieder ins Gleichgewicht. Der Mensch ist nach dieser Massage stressresistenter und kann besser mit allen stressbedingten Problemen und St\u00f6rungen umgehen.<\/p>\n<p>Vorteile der Shiatsu-Massage: Beeinflusst den harmonischen Energiefluss im K\u00f6rper, f\u00f6rdert die Vitalit\u00e4t und verbessert das Wohlbefinden, die geistige Leistungsf\u00e4higkeit und die Konzentration, st\u00e4rkt das Kreislauf- und Lymphsystem.<\/p>\n<p>Es ist vor allem f\u00fcr gestresste Menschen gedacht. Frauen, die unter dem pr\u00e4menstruellen Syndrom leiden, und solche mit geschw\u00e4chtem Immunsystem profitieren am meisten. Die Shiatsu-Massage hilft auch bei Migr\u00e4ne und St\u00f6rungen des Verdauungs- und Atmungssystems.<\/p>\n","protected":false},"excerpt":{"rendered":"<p>Die Shiatsu-Massage geh\u00f6rt zu den tiefen, intensiven Massagen. Dabei wird Druck auf ausgew\u00e4hlte K\u00f6rperteile ausge\u00fcbt, haupts\u00e4chlich mit den Daumen und den ganzen H\u00e4nden. Sie hilft, Stress abzubauen, Energieblockaden zu l\u00f6sen und sie in die daf\u00fcr vorgesehenen Kan\u00e4le in unserem K\u00f6rper zu leiten.<\/p>\n","protected":false},"featured_media":4406,"template":"","meta":[],"product_cat":[71],"product_tag":[],"class_list":{"0":"post-4552","1":"product","2":"type-product","3":"status-publish","4":"has-post-thumbnail","6":"product_cat-masaze-de","8":"first","9":"instock","10":"shipping-taxable","11":"purchasable","12":"product-type-simple"},"_links":{"self":[{"href":"https:\/\/krakow.thaimai.pl\/de\/wp-json\/wp\/v2\/product\/4552","targetHints":{"allow":["GET"]}}],"collection":[{"href":"https:\/\/krakow.thaimai.pl\/de\/wp-json\/wp\/v2\/product"}],"about":[{"href":"https:\/\/krakow.thaimai.pl\/de\/wp-json\/wp\/v2\/types\/product"}],"wp:featuredmedia":[{"embeddable":true,"href":"https:\/\/krakow.thaimai.pl\/de\/wp-json\/wp\/v2\/media\/4406"}],"wp:attachment":[{"href":"https:\/\/krakow.thaimai.pl\/de\/wp-json\/wp\/v2\/media?parent=4552"}],"wp:term":[{"taxonomy":"product_cat","embeddable":true,"href":"https:\/\/krakow.thaimai.pl\/de\/wp-json\/wp\/v2\/product_cat?post=4552"},{"taxonomy":"product_tag","embeddable":true,"href":"https:\/\/krakow.thaimai.pl\/de\/wp-json\/wp\/v2\/product_tag?post=4552"}],"curies":[{"name":"wp","href":"https:\/\/api.w.org\/{rel}","templated":true}]}}