{"id":4568,"date":"2023-04-21T11:31:22","date_gmt":"2023-04-21T09:31:22","guid":{"rendered":"https:\/\/krakow.thaimai.pl\/produkt\/tajski-masaz-olejkiem-arganowym\/"},"modified":"2024-05-25T15:44:00","modified_gmt":"2024-05-25T13:44:00","slug":"thailaendische-arganoel-massage","status":"publish","type":"product","link":"https:\/\/krakow.thaimai.pl\/de\/produkt\/thailaendische-arganoel-massage\/","title":{"rendered":"Thail\u00e4ndische Argan\u00f6l-Massage"},"content":{"rendered":"<p>Seit Jahrhunderten als Naturkosmetik bekannt und verwendet, pflegt das \u00d6l und wirkt dem Alterungsprozess entgegen.<\/p>\n<p>Die Argan\u00f6lmassage ist die geeignetste Form der Massage f\u00fcr Menschen, die unter stressigen Bedingungen leben. Ihr Ziel ist es, die Muskeln bis zur maximalen Tiefe zu entspannen. Dadurch werden der normale Herzrhythmus und die Blutzirkulation wiederhergestellt.<\/p>\n<p>Diese Massage, die den gesamten K\u00f6rper vom Nacken bis zu den F\u00fc\u00dfen umfasst, ist das ideale Mittel gegen Stress und M\u00fcdigkeit. Sie ist besonders f\u00fcr Menschen mit Verspannungen und Muskelkater zu empfehlen. Das \u00d6l zieht sehr gut ein, spendet effektiv und lang anhaltend Feuchtigkeit und strafft die Haut.<\/p>\n<p>Argan\u00f6l wirkt: entz\u00fcndungshemmend, alterungshemmend, h\u00e4lt die Haut hydratisiert, geschmeidig, n\u00e4hrt sie und lindert Entz\u00fcndungen.<\/p>\n","protected":false},"excerpt":{"rendered":"<p>Das Gold Marokkos, das Elixier der Jugend oder einfach Argan\u00f6l? Unabh\u00e4ngig von der Bezeichnung hat eine Argan\u00f6lmassage eine heilsame Wirkung auf schmerzende Muskeln und Gelenke, verbessert die Durchblutung und revitalisiert die Haut, auch bei rissiger oder gezeichneter Haut.<\/p>\n","protected":false},"featured_media":4394,"template":"","meta":[],"product_cat":[71],"product_tag":[],"class_list":{"0":"post-4568","1":"product","2":"type-product","3":"status-publish","4":"has-post-thumbnail","6":"product_cat-masaze-de","8":"first","9":"instock","10":"shipping-taxable","11":"purchasable","12":"product-type-simple"},"_links":{"self":[{"href":"https:\/\/krakow.thaimai.pl\/de\/wp-json\/wp\/v2\/product\/4568","targetHints":{"allow":["GET"]}}],"collection":[{"href":"https:\/\/krakow.thaimai.pl\/de\/wp-json\/wp\/v2\/product"}],"about":[{"href":"https:\/\/krakow.thaimai.pl\/de\/wp-json\/wp\/v2\/types\/product"}],"wp:featuredmedia":[{"embeddable":true,"href":"https:\/\/krakow.thaimai.pl\/de\/wp-json\/wp\/v2\/media\/4394"}],"wp:attachment":[{"href":"https:\/\/krakow.thaimai.pl\/de\/wp-json\/wp\/v2\/media?parent=4568"}],"wp:term":[{"taxonomy":"product_cat","embeddable":true,"href":"https:\/\/krakow.thaimai.pl\/de\/wp-json\/wp\/v2\/product_cat?post=4568"},{"taxonomy":"product_tag","embeddable":true,"href":"https:\/\/krakow.thaimai.pl\/de\/wp-json\/wp\/v2\/product_tag?post=4568"}],"curies":[{"name":"wp","href":"https:\/\/api.w.org\/{rel}","templated":true}]}}